{"id":3,"date":"2019-01-29T18:34:25","date_gmt":"2019-01-29T18:34:25","guid":{"rendered":"http:\/\/gamesrom.com.mx\/\/?page_id=3"},"modified":"2019-11-27T17:31:25","modified_gmt":"2019-11-27T17:31:25","slug":"privacy-policy","status":"publish","type":"page","link":"https:\/\/gamesrom.com.mx\/index.php\/privacy-policy\/","title":{"rendered":"Pol\u00edtica de privacidad"},"content":{"rendered":"<body>\n<p>  <\/p>\n\n\n\n<p>  <\/p>\n\n\n\n<p>  <\/p>\n\n\n\n<h2 class=\"wp-block-heading\">Games Rom Entertainment<\/h2>\n\n\n\n<p>En conjunto con Inide Bonus Stage y todos sus juegos relacionados.<\/p>\n\n\n\n<h2 class=\"wp-block-heading\">Pol\u00edtica<\/h2>\n\n\n\n<p>El presente Pol\u00edtica de Privacidad establece los t\u00e9rminos en que \n usa y protege la informaci\u00f3n que es proporcionada por sus usuarios al \nmomento de utilizar su sitio web. Esta compa\u00f1\u00eda est\u00e1 comprometida con la\n seguridad de los datos de sus usuarios. Cuando le pedimos llenar los \ncampos de informaci\u00f3n personal con la cual usted pueda ser identificado,\n lo hacemos asegurando que s\u00f3lo se emplear\u00e1 de acuerdo con los t\u00e9rminos \nde este documento. Sin embargo esta Pol\u00edtica de Privacidad puede cambiar\n con el tiempo o ser actualizada por lo que le recomendamos y \nenfatizamos revisar continuamente esta p\u00e1gina para asegurarse que est\u00e1 \nde acuerdo con dichos cambios.<\/p>\n\n\n\n<p><strong>Informaci\u00f3n que es recogida<\/strong><\/p>\n\n\n\n<p>Nuestro sitio web podr\u00e1 recoger informaci\u00f3n personal por ejemplo: \nNombre,\u00a0 informaci\u00f3n de contacto como\u00a0 su direcci\u00f3n de correo \nelectr\u00f3nica e informaci\u00f3n demogr\u00e1fica. As\u00ed mismo cuando sea necesario \npodr\u00e1 ser requerida informaci\u00f3n espec\u00edfica para procesar alg\u00fan pedido o \nrealizar una entrega o facturaci\u00f3n.<\/p>\n\n\n\n<p><strong>Uso de la informaci\u00f3n recogida<\/strong><\/p>\n\n\n\n<p>Nuestro sitio web emplea la informaci\u00f3n con el fin de proporcionar el\n mejor servicio posible, particularmente para mantener un registro de \nusuarios, de pedidos en caso que aplique, y mejorar nuestros productos y\n servicios. \u00a0Es posible que sean enviados correos electr\u00f3nicos \nperi\u00f3dicamente a trav\u00e9s de nuestro sitio con ofertas especiales, nuevos \nproductos y otra informaci\u00f3n publicitaria que consideremos relevante \npara usted o que pueda brindarle alg\u00fan beneficio, estos correos \nelectr\u00f3nicos ser\u00e1n enviados a la direcci\u00f3n que usted proporcione y \npodr\u00e1n ser cancelados en cualquier momento.<\/p>\n\n\n\n<p>Games Rom Entertainment est\u00e1 altamente comprometido para cumplir con el compromiso de mantener  su informaci\u00f3n segura. Usamos los sistemas m\u00e1s avanzados y los  actualizamos constantemente para asegurarnos que no exista ning\u00fan acceso  no autorizado.<\/p>\n\n\n\n<p><strong>Informaci\u00f3n recogida por nuestros juegos<\/strong><\/p>\n\n\n\n<p>Los juegos publicados por Indie Bonus Stage recolectar\u00e1n la informaci\u00f3n necesaria para anal\u00edticas como los son tiempo jugado, instalaciones, desinstalaciones, compras, etc. No recopilar\u00e1n informaci\u00f3n personal ya que se usan terceros (cuentas de Google, Apple) para el inicio de sesi\u00f3n, compras y servicios dentro del juego.<\/p>\n\n\n\n<p><strong>Enlaces a Terceros<\/strong><\/p>\n\n\n\n<p>Este sitio web, nuestros juegos o servicios pudieran contener en laces a otros sitios que pudieran  ser de su inter\u00e9s. Una vez que usted de clic en estos enlaces y abandone  nuestra p\u00e1gina, ya no tenemos control sobre al sitio al que es  redirigido y por lo tanto no somos responsables de los t\u00e9rminos o  privacidad ni de la protecci\u00f3n de sus datos en esos otros sitios  terceros. Dichos sitios est\u00e1n sujetos a sus propias pol\u00edticas de  privacidad por lo cual es recomendable que los consulte para confirmar  que usted est\u00e1 de acuerdo con estas.<\/p>\n\n\n\n<p><strong>Control de su informaci\u00f3n personal<\/strong><\/p>\n\n\n\n<p>En cualquier momento usted puede restringir la recopilaci\u00f3n o el uso  de la informaci\u00f3n personal que es proporcionada a nuestro sitio web.\u00a0 Cada vez que se le solicite rellenar un formulario, como el de alta de  usuario, puede marcar o desmarcar la opci\u00f3n de recibir informaci\u00f3n por  correo electr\u00f3nico. \u00a0En caso de que haya marcado la opci\u00f3n de recibir  nuestro bolet\u00edn o publicidad usted puede cancelarla en cualquier  momento.<\/p>\n\n\n\n<p>Esta compa\u00f1\u00eda no vender\u00e1, ceder\u00e1 ni distribuir\u00e1 la informaci\u00f3n \npersonal que es recopilada sin su consentimiento, salvo que sea \nrequerido por un juez con un orden judicial.<\/p>\n\n\n\n<p>Games Rom Entertainment e reserva el derecho de cambiar los t\u00e9rminos de la presente Pol\u00edtica de Privacidad en cualquier momento.<\/p>\n<\/body>","protected":false},"excerpt":{"rendered":"<p>Games Rom Entertainment En conjunto con Inide Bonus Stage y todos sus juegos relacionados. Pol\u00edtica El presente Pol\u00edtica de Privacidad establece los t\u00e9rminos en que&#8230;<\/p>\n<div class=\"more-link-wrapper\"><a class=\"more-link\" href=\"https:\/\/gamesrom.com.mx\/index.php\/privacy-policy\/\">Continue Reading<span class=\"screen-reader-text\">Pol\u00edtica de privacidad<\/span><\/a><\/div>\n","protected":false},"author":1,"featured_media":0,"parent":0,"menu_order":0,"comment_status":"closed","ping_status":"open","template":"","meta":{"om_disable_all_campaigns":false,"_monsterinsights_skip_tracking":false,"_monsterinsights_sitenote_active":false,"_monsterinsights_sitenote_note":"","_monsterinsights_sitenote_category":0,"footnotes":""},"class_list":["post-3","page","type-page","status-publish","hentry","entry"],"jetpack_sharing_enabled":true,"_links":{"self":[{"href":"https:\/\/gamesrom.com.mx\/index.php\/wp-json\/wp\/v2\/pages\/3"}],"collection":[{"href":"https:\/\/gamesrom.com.mx\/index.php\/wp-json\/wp\/v2\/pages"}],"about":[{"href":"https:\/\/gamesrom.com.mx\/index.php\/wp-json\/wp\/v2\/types\/page"}],"author":[{"embeddable":true,"href":"https:\/\/gamesrom.com.mx\/index.php\/wp-json\/wp\/v2\/users\/1"}],"replies":[{"embeddable":true,"href":"https:\/\/gamesrom.com.mx\/index.php\/wp-json\/wp\/v2\/comments?post=3"}],"version-history":[{"count":2,"href":"https:\/\/gamesrom.com.mx\/index.php\/wp-json\/wp\/v2\/pages\/3\/revisions"}],"predecessor-version":[{"id":501,"href":"https:\/\/gamesrom.com.mx\/index.php\/wp-json\/wp\/v2\/pages\/3\/revisions\/501"}],"wp:attachment":[{"href":"https:\/\/gamesrom.com.mx\/index.php\/wp-json\/wp\/v2\/media?parent=3"}],"curies":[{"name":"wp","href":"https:\/\/api.w.org\/{rel}","templated":true}]}}